{"id":3,"date":"2025-06-16T14:13:18","date_gmt":"2025-06-16T14:13:18","guid":{"rendered":"https:\/\/validon.eu\/?page_id=3"},"modified":"2025-06-18T08:32:55","modified_gmt":"2025-06-18T08:32:55","slug":"gizlilik-politikasi","status":"publish","type":"page","link":"https:\/\/validon.eu\/tr\/gizlilik-politikasi\/","title":{"rendered":"Gizlilik Politikas\u0131"},"content":{"rendered":"<h2 class=\"wp-block-heading\">Biz Kimiz<\/h2>\n\n\n\n<p>Validon.eu, resmi VIES sistemi ile ger\u00e7ek zamanl\u0131 entegrasyon yoluyla AB KDV numaras\u0131 do\u011frulamas\u0131n\u0131 basitle\u015ftirmeye odaklanm\u0131\u015f dijital bir platformdur. Misyonumuz, AB genelindeki \u015firketlerin KDV numaralar\u0131n\u0131 h\u0131zl\u0131, do\u011fru ve g\u00fcvenli bir \u015fekilde do\u011frulamalar\u0131na yard\u0131mc\u0131 olarak Avrupa i\u015f ortam\u0131n\u0131 g\u00fc\u00e7lendirmektir.<\/p>\n\n\n\n<p>Hizmetlerimizi faturalama ara\u00e7lar\u0131n\u0131, ak\u0131ll\u0131 i\u015f destek \u00f6zelliklerini ve ESG (\u00c7evresel, Sosyal ve Y\u00f6neti\u015fim) uyumlulu\u011funu y\u00f6nlendirmek i\u00e7in pratik kaynaklar\u0131 i\u00e7erecek \u015fekilde geni\u015fletmeyi planl\u0131yoruz. \u0130ster k\u00fc\u00e7\u00fck bir giri\u015fimci ister b\u00fcy\u00fcyen bir i\u015fletme olun, Validon Avrupa pazar\u0131nda mevzuata a\u00e7\u0131kl\u0131k ve operasyonel verimlilik i\u00e7in g\u00fcvenilir orta\u011f\u0131n\u0131z olmay\u0131 hedefliyor.<\/p>\n\n\n\n<p>Bizimle ba\u011flant\u0131da kal\u0131n <a href=\"https:\/\/www.facebook.com\/profile.php?id=61577292757311\" data-type=\"link\" data-id=\"https:\/\/www.facebook.com\/profile.php?id=61577292757311\">Facebook<\/a> \u0130lerlememizi takip etmek ve daha g\u00fc\u00e7l\u00fc, daha \u015feffaf bir AB i\u015f ekosistemi vizyonumuzu desteklemek i\u00e7in.<\/p>\n\n\n\n<h2 class=\"wp-block-heading\">Verilerinizi kimlerle payla\u015f\u0131yoruz<\/h2>\n\n\n\n<p>KDV do\u011frulamas\u0131 i\u00e7in formu g\u00f6nderdi\u011finizde, girdiniz web sitesinde do\u011frulan\u0131r ve daha sonra do\u011frulamak i\u00e7in VIES entegrasyonuna g\u00f6nderilir.<\/p>\n\n\n\n<p>Forma girdi\u011finiz veriler bizde saklanmaz.<\/p>","protected":false},"excerpt":{"rendered":"<p>Who we are Validon.eu is a digital platform focused on simplifying EU VAT number validation through real-time integration with the official VIES system. Our mission is to strengthen the European business environment by helping companies across the EU verify VAT numbers quickly, accurately, and securely. We plan to expand our services to include invoicing tools, [&hellip;]<\/p>\n","protected":false},"author":2,"featured_media":0,"parent":0,"menu_order":0,"comment_status":"closed","ping_status":"open","template":"","meta":{"footnotes":""},"class_list":["post-3","page","type-page","status-publish","hentry"],"aioseo_notices":[],"_links":{"self":[{"href":"https:\/\/validon.eu\/tr\/wp-json\/wp\/v2\/pages\/3","targetHints":{"allow":["GET"]}}],"collection":[{"href":"https:\/\/validon.eu\/tr\/wp-json\/wp\/v2\/pages"}],"about":[{"href":"https:\/\/validon.eu\/tr\/wp-json\/wp\/v2\/types\/page"}],"author":[{"embeddable":true,"href":"https:\/\/validon.eu\/tr\/wp-json\/wp\/v2\/users\/2"}],"replies":[{"embeddable":true,"href":"https:\/\/validon.eu\/tr\/wp-json\/wp\/v2\/comments?post=3"}],"version-history":[{"count":2,"href":"https:\/\/validon.eu\/tr\/wp-json\/wp\/v2\/pages\/3\/revisions"}],"predecessor-version":[{"id":122,"href":"https:\/\/validon.eu\/tr\/wp-json\/wp\/v2\/pages\/3\/revisions\/122"}],"wp:attachment":[{"href":"https:\/\/validon.eu\/tr\/wp-json\/wp\/v2\/media?parent=3"}],"curies":[{"name":"wp","href":"https:\/\/api.w.org\/{rel}","templated":true}]}}