{"id":3,"date":"2025-06-16T14:13:18","date_gmt":"2025-06-16T14:13:18","guid":{"rendered":"https:\/\/validon.eu\/?page_id=3"},"modified":"2025-06-18T08:32:55","modified_gmt":"2025-06-18T08:32:55","slug":"integritetspolicy","status":"publish","type":"page","link":"https:\/\/validon.eu\/sv\/integritetspolicy\/","title":{"rendered":"Integritetspolicy"},"content":{"rendered":"<h2 class=\"wp-block-heading\">Vilka vi \u00e4r<\/h2>\n\n\n\n<p>Validon.eu \u00e4r en digital plattform som fokuserar p\u00e5 att f\u00f6renkla valideringen av EU:s momsnummer genom realtidsintegration med det officiella VIES-systemet. V\u00e5rt uppdrag \u00e4r att st\u00e4rka den europeiska aff\u00e4rsmilj\u00f6n genom att hj\u00e4lpa f\u00f6retag i hela EU att verifiera momsnummer snabbt, korrekt och s\u00e4kert.<\/p>\n\n\n\n<p>Vi planerar att ut\u00f6ka v\u00e5ra tj\u00e4nster med faktureringsverktyg, smarta funktioner f\u00f6r aff\u00e4rsst\u00f6d och praktiska resurser f\u00f6r att navigera i ESG (Environmental, Social, and Governance). Oavsett om du \u00e4r en liten entrepren\u00f6r eller ett v\u00e4xande f\u00f6retag, str\u00e4var Validon efter att vara din p\u00e5litliga partner f\u00f6r tydlighet i lagstiftningen och operativ effektivitet p\u00e5 den europeiska marknaden.<\/p>\n\n\n\n<p>H\u00e5ll kontakten med oss p\u00e5 <a href=\"https:\/\/www.facebook.com\/profile.php?id=61577292757311\" data-type=\"link\" data-id=\"https:\/\/www.facebook.com\/profile.php?id=61577292757311\">Facebook<\/a> f\u00f6r att f\u00f6lja v\u00e5ra framsteg och st\u00f6dja v\u00e5r vision om ett starkare och mer transparent ekosystem f\u00f6r f\u00f6retag i EU.<\/p>\n\n\n\n<h2 class=\"wp-block-heading\">Vem vi delar dina uppgifter med<\/h2>\n\n\n\n<p>N\u00e4r du skickar in formul\u00e4ret f\u00f6r momsvalidering valideras dina uppgifter p\u00e5 webbplatsen och skickas sedan till VIES integratin f\u00f6r att valideras.<\/p>\n\n\n\n<p>Uppgifter som du matar in i formul\u00e4ret lagras inte hos oss.<\/p>","protected":false},"excerpt":{"rendered":"<p>Who we are Validon.eu is a digital platform focused on simplifying EU VAT number validation through real-time integration with the official VIES system. Our mission is to strengthen the European business environment by helping companies across the EU verify VAT numbers quickly, accurately, and securely. We plan to expand our services to include invoicing tools, [&hellip;]<\/p>\n","protected":false},"author":2,"featured_media":0,"parent":0,"menu_order":0,"comment_status":"closed","ping_status":"open","template":"","meta":{"footnotes":""},"class_list":["post-3","page","type-page","status-publish","hentry"],"aioseo_notices":[],"_links":{"self":[{"href":"https:\/\/validon.eu\/sv\/wp-json\/wp\/v2\/pages\/3","targetHints":{"allow":["GET"]}}],"collection":[{"href":"https:\/\/validon.eu\/sv\/wp-json\/wp\/v2\/pages"}],"about":[{"href":"https:\/\/validon.eu\/sv\/wp-json\/wp\/v2\/types\/page"}],"author":[{"embeddable":true,"href":"https:\/\/validon.eu\/sv\/wp-json\/wp\/v2\/users\/2"}],"replies":[{"embeddable":true,"href":"https:\/\/validon.eu\/sv\/wp-json\/wp\/v2\/comments?post=3"}],"version-history":[{"count":2,"href":"https:\/\/validon.eu\/sv\/wp-json\/wp\/v2\/pages\/3\/revisions"}],"predecessor-version":[{"id":122,"href":"https:\/\/validon.eu\/sv\/wp-json\/wp\/v2\/pages\/3\/revisions\/122"}],"wp:attachment":[{"href":"https:\/\/validon.eu\/sv\/wp-json\/wp\/v2\/media?parent=3"}],"curies":[{"name":"wp","href":"https:\/\/api.w.org\/{rel}","templated":true}]}}