{"id":3,"date":"2025-06-16T14:13:18","date_gmt":"2025-06-16T14:13:18","guid":{"rendered":"https:\/\/validon.eu\/?page_id=3"},"modified":"2025-06-18T08:32:55","modified_gmt":"2025-06-18T08:32:55","slug":"politika-zasebnosti","status":"publish","type":"page","link":"https:\/\/validon.eu\/sl\/politika-zasebnosti\/","title":{"rendered":"Pravilnik o zasebnosti"},"content":{"rendered":"<h2 class=\"wp-block-heading\">Kdo smo<\/h2>\n\n\n\n<p>Validon.eu je digitalna platforma, ki se osredoto\u010da na poenostavitev potrjevanja \u0161tevilke DDV v EU z integracijo z uradnim sistemom VIES v realnem \u010dasu. Na\u0161e poslanstvo je okrepiti evropsko poslovno okolje s pomo\u010djo podjetjem v EU pri hitrem, natan\u010dnem in varnem preverjanju \u0161tevilk DDV.<\/p>\n\n\n\n<p>Na\u0161e storitve nameravamo raz\u0161iriti na orodja za izdajanje ra\u010dunov, funkcije za podporo pametnemu poslovanju in prakti\u010dne vire za zagotavljanje skladnosti z ESG (okoljsko, dru\u017ebeno in upravno). Ne glede na to, ali ste mali podjetnik ali rasto\u010de podjetje, \u017eeli biti Validon va\u0161 zaupanja vreden partner za regulativno jasnost in operativno u\u010dinkovitost na evropskem trgu.<\/p>\n\n\n\n<p>Ostanite povezani z nami na <a href=\"https:\/\/www.facebook.com\/profile.php?id=61577292757311\" data-type=\"link\" data-id=\"https:\/\/www.facebook.com\/profile.php?id=61577292757311\">Facebook<\/a> spremljajte na\u0161 napredek in podprite na\u0161o vizijo za mo\u010dnej\u0161i in preglednej\u0161i poslovni ekosistem EU.<\/p>\n\n\n\n<h2 class=\"wp-block-heading\">Komu posredujemo va\u0161e podatke<\/h2>\n\n\n\n<p>Ko po\u0161ljete obrazec za preverjanje DDV, se va\u0161 vnos potrdi na spletnem mestu in nato po\u0161lje v integracijo VIES, da se potrdi.<\/p>\n\n\n\n<p>Podatki, ki jih vnesete v obrazec, niso shranjeni pri nas.<\/p>","protected":false},"excerpt":{"rendered":"<p>Who we are Validon.eu is a digital platform focused on simplifying EU VAT number validation through real-time integration with the official VIES system. Our mission is to strengthen the European business environment by helping companies across the EU verify VAT numbers quickly, accurately, and securely. We plan to expand our services to include invoicing tools, [&hellip;]<\/p>\n","protected":false},"author":2,"featured_media":0,"parent":0,"menu_order":0,"comment_status":"closed","ping_status":"open","template":"","meta":{"footnotes":""},"class_list":["post-3","page","type-page","status-publish","hentry"],"aioseo_notices":[],"_links":{"self":[{"href":"https:\/\/validon.eu\/sl\/wp-json\/wp\/v2\/pages\/3","targetHints":{"allow":["GET"]}}],"collection":[{"href":"https:\/\/validon.eu\/sl\/wp-json\/wp\/v2\/pages"}],"about":[{"href":"https:\/\/validon.eu\/sl\/wp-json\/wp\/v2\/types\/page"}],"author":[{"embeddable":true,"href":"https:\/\/validon.eu\/sl\/wp-json\/wp\/v2\/users\/2"}],"replies":[{"embeddable":true,"href":"https:\/\/validon.eu\/sl\/wp-json\/wp\/v2\/comments?post=3"}],"version-history":[{"count":2,"href":"https:\/\/validon.eu\/sl\/wp-json\/wp\/v2\/pages\/3\/revisions"}],"predecessor-version":[{"id":122,"href":"https:\/\/validon.eu\/sl\/wp-json\/wp\/v2\/pages\/3\/revisions\/122"}],"wp:attachment":[{"href":"https:\/\/validon.eu\/sl\/wp-json\/wp\/v2\/media?parent=3"}],"curies":[{"name":"wp","href":"https:\/\/api.w.org\/{rel}","templated":true}]}}