{"id":3,"date":"2025-06-16T14:13:18","date_gmt":"2025-06-16T14:13:18","guid":{"rendered":"https:\/\/validon.eu\/?page_id=3"},"modified":"2025-06-18T08:32:55","modified_gmt":"2025-06-18T08:32:55","slug":"zasady-ochrany-osobnych-udajov","status":"publish","type":"page","link":"https:\/\/validon.eu\/sk\/zasady-ochrany-osobnych-udajov\/","title":{"rendered":"Z\u00e1sady ochrany osobn\u00fdch \u00fadajov"},"content":{"rendered":"<h2 class=\"wp-block-heading\">Kto sme<\/h2>\n\n\n\n<p>Validon.eu je digit\u00e1lna platforma zameran\u00e1 na zjednodu\u0161enie overovania platnosti \u010d\u00edsla DPH v E\u00da prostredn\u00edctvom integr\u00e1cie s ofici\u00e1lnym syst\u00e9mom VIES v re\u00e1lnom \u010dase. Na\u0161\u00edm poslan\u00edm je posilni\u0165 eur\u00f3pske podnikate\u013esk\u00e9 prostredie t\u00fdm, \u017ee pom\u00e1hame spolo\u010dnostiam v celej E\u00da r\u00fdchlo, presne a bezpe\u010dne overova\u0165 \u010d\u00edsla DPH.<\/p>\n\n\n\n<p>Pl\u00e1nujeme roz\u0161\u00edri\u0165 na\u0161e slu\u017eby o n\u00e1stroje na faktur\u00e1ciu, funkcie inteligentnej podpory podnikania a praktick\u00e9 zdroje na orient\u00e1ciu v oblasti dodr\u017eiavania pravidiel ESG (environment\u00e1lne, soci\u00e1lne a riadiace aspekty). Bez oh\u013eadu na to, \u010di ste mal\u00fd podnikate\u013e alebo rast\u00faci podnik, cie\u013eom spolo\u010dnosti Validon je by\u0165 va\u0161\u00edm d\u00f4veryhodn\u00fdm partnerom pre regula\u010dn\u00fa zrozumite\u013enos\u0165 a prev\u00e1dzkov\u00fa efekt\u00edvnos\u0165 na eur\u00f3pskom trhu.<\/p>\n\n\n\n<p>Zosta\u0148te s nami v kontakte na <a href=\"https:\/\/www.facebook.com\/profile.php?id=61577292757311\" data-type=\"link\" data-id=\"https:\/\/www.facebook.com\/profile.php?id=61577292757311\">Facebook<\/a> sledova\u0165 n\u00e1\u0161 pokrok a podporova\u0165 na\u0161u v\u00edziu silnej\u0161ieho a transparentnej\u0161ieho podnikate\u013esk\u00e9ho ekosyst\u00e9mu E\u00da.<\/p>\n\n\n\n<h2 class=\"wp-block-heading\">S k\u00fdm zdie\u013eame va\u0161e \u00fadaje<\/h2>\n\n\n\n<p>Pri odoslan\u00ed formul\u00e1ra na overenie DPH sa va\u0161e \u00fadaje overia na webovej str\u00e1nke a potom sa odo\u0161l\u00fa do syst\u00e9mu VIES integratin na overenie.<\/p>\n\n\n\n<p>\u00dadaje, ktor\u00e9 zad\u00e1te do formul\u00e1ra, sa u n\u00e1s neukladaj\u00fa.<\/p>","protected":false},"excerpt":{"rendered":"<p>Who we are Validon.eu is a digital platform focused on simplifying EU VAT number validation through real-time integration with the official VIES system. Our mission is to strengthen the European business environment by helping companies across the EU verify VAT numbers quickly, accurately, and securely. We plan to expand our services to include invoicing tools, [&hellip;]<\/p>\n","protected":false},"author":2,"featured_media":0,"parent":0,"menu_order":0,"comment_status":"closed","ping_status":"open","template":"","meta":{"footnotes":""},"class_list":["post-3","page","type-page","status-publish","hentry"],"aioseo_notices":[],"_links":{"self":[{"href":"https:\/\/validon.eu\/sk\/wp-json\/wp\/v2\/pages\/3","targetHints":{"allow":["GET"]}}],"collection":[{"href":"https:\/\/validon.eu\/sk\/wp-json\/wp\/v2\/pages"}],"about":[{"href":"https:\/\/validon.eu\/sk\/wp-json\/wp\/v2\/types\/page"}],"author":[{"embeddable":true,"href":"https:\/\/validon.eu\/sk\/wp-json\/wp\/v2\/users\/2"}],"replies":[{"embeddable":true,"href":"https:\/\/validon.eu\/sk\/wp-json\/wp\/v2\/comments?post=3"}],"version-history":[{"count":2,"href":"https:\/\/validon.eu\/sk\/wp-json\/wp\/v2\/pages\/3\/revisions"}],"predecessor-version":[{"id":122,"href":"https:\/\/validon.eu\/sk\/wp-json\/wp\/v2\/pages\/3\/revisions\/122"}],"wp:attachment":[{"href":"https:\/\/validon.eu\/sk\/wp-json\/wp\/v2\/media?parent=3"}],"curies":[{"name":"wp","href":"https:\/\/api.w.org\/{rel}","templated":true}]}}