{"id":3,"date":"2025-06-16T14:13:18","date_gmt":"2025-06-16T14:13:18","guid":{"rendered":"https:\/\/validon.eu\/?page_id=3"},"modified":"2025-06-18T08:32:55","modified_gmt":"2025-06-18T08:32:55","slug":"politica-de-confidentialitate","status":"publish","type":"page","link":"https:\/\/validon.eu\/ro\/politica-de-confidentialitate\/","title":{"rendered":"Politica de confiden\u021bialitate"},"content":{"rendered":"<h2 class=\"wp-block-heading\">Cine suntem<\/h2>\n\n\n\n<p>Validon.eu este o platform\u0103 digital\u0103 axat\u0103 pe simplificarea valid\u0103rii numerelor de TVA din UE prin integrarea \u00een timp real cu sistemul oficial VIES. Misiunea noastr\u0103 este de a consolida mediul de afaceri european ajut\u00e2nd companiile din \u00eentreaga UE s\u0103 verifice numerele de TVA rapid, precis \u0219i sigur.<\/p>\n\n\n\n<p>Pl\u0103nuim s\u0103 ne extindem serviciile pentru a include instrumente de facturare, func\u021bii inteligente de asisten\u021b\u0103 pentru afaceri \u0219i resurse practice pentru navigarea \u00een conformitate cu ESG (mediu, social \u0219i guvernan\u021b\u0103). Fie c\u0103 sunte\u021bi un mic antreprenor sau o \u00eentreprindere \u00een cre\u0219tere, Validon \u00ee\u0219i propune s\u0103 fie partenerul dumneavoastr\u0103 de \u00eencredere pentru claritatea reglement\u0103rilor \u0219i eficien\u021ba opera\u021bional\u0103 pe pia\u021ba european\u0103.<\/p>\n\n\n\n<p>R\u0103m\u00e2ne\u021bi conecta\u021bi cu noi pe <a href=\"https:\/\/www.facebook.com\/profile.php?id=61577292757311\" data-type=\"link\" data-id=\"https:\/\/www.facebook.com\/profile.php?id=61577292757311\">Facebook<\/a> pentru a ne urm\u0103ri progresele \u0219i a ne sus\u021bine viziunea pentru un ecosistem de afaceri european mai puternic \u0219i mai transparent.<\/p>\n\n\n\n<h2 class=\"wp-block-heading\">Cu cine \u00eemp\u0103rt\u0103\u0219im datele dumneavoastr\u0103<\/h2>\n\n\n\n<p>Atunci c\u00e2nd trimite\u021bi formularul pentru validarea TVA, datele introduse sunt validate pe site \u0219i apoi trimise c\u0103tre VIES integratin pentru validare.<\/p>\n\n\n\n<p>Datele pe care le introduce\u021bi \u00een formular nu sunt stocate la noi.<\/p>","protected":false},"excerpt":{"rendered":"<p>Who we are Validon.eu is a digital platform focused on simplifying EU VAT number validation through real-time integration with the official VIES system. Our mission is to strengthen the European business environment by helping companies across the EU verify VAT numbers quickly, accurately, and securely. We plan to expand our services to include invoicing tools, [&hellip;]<\/p>\n","protected":false},"author":2,"featured_media":0,"parent":0,"menu_order":0,"comment_status":"closed","ping_status":"open","template":"","meta":{"footnotes":""},"class_list":["post-3","page","type-page","status-publish","hentry"],"aioseo_notices":[],"_links":{"self":[{"href":"https:\/\/validon.eu\/ro\/wp-json\/wp\/v2\/pages\/3","targetHints":{"allow":["GET"]}}],"collection":[{"href":"https:\/\/validon.eu\/ro\/wp-json\/wp\/v2\/pages"}],"about":[{"href":"https:\/\/validon.eu\/ro\/wp-json\/wp\/v2\/types\/page"}],"author":[{"embeddable":true,"href":"https:\/\/validon.eu\/ro\/wp-json\/wp\/v2\/users\/2"}],"replies":[{"embeddable":true,"href":"https:\/\/validon.eu\/ro\/wp-json\/wp\/v2\/comments?post=3"}],"version-history":[{"count":2,"href":"https:\/\/validon.eu\/ro\/wp-json\/wp\/v2\/pages\/3\/revisions"}],"predecessor-version":[{"id":122,"href":"https:\/\/validon.eu\/ro\/wp-json\/wp\/v2\/pages\/3\/revisions\/122"}],"wp:attachment":[{"href":"https:\/\/validon.eu\/ro\/wp-json\/wp\/v2\/media?parent=3"}],"curies":[{"name":"wp","href":"https:\/\/api.w.org\/{rel}","templated":true}]}}