{"id":3,"date":"2025-06-16T14:13:18","date_gmt":"2025-06-16T14:13:18","guid":{"rendered":"https:\/\/validon.eu\/?page_id=3"},"modified":"2025-06-18T08:32:55","modified_gmt":"2025-06-18T08:32:55","slug":"politica-de-privacidade","status":"publish","type":"page","link":"https:\/\/validon.eu\/pt\/politica-de-privacidade\/","title":{"rendered":"Pol\u00edtica de privacidade"},"content":{"rendered":"<h2 class=\"wp-block-heading\">Quem somos<\/h2>\n\n\n\n<p>Validon.eu \u00e9 uma plataforma digital que visa simplificar a valida\u00e7\u00e3o do n\u00famero de IVA da UE atrav\u00e9s da integra\u00e7\u00e3o em tempo real com o sistema oficial VIES. A nossa miss\u00e3o \u00e9 refor\u00e7ar o ambiente empresarial europeu, ajudando as empresas de toda a UE a verificar os n\u00fameros de IVA de forma r\u00e1pida, exacta e segura.<\/p>\n\n\n\n<p>Pretendemos expandir os nossos servi\u00e7os para incluir ferramentas de fatura\u00e7\u00e3o, funcionalidades inteligentes de apoio \u00e0s empresas e recursos pr\u00e1ticos para navegar na conformidade ESG (Environmental, Social, and Governance). Quer se trate de um pequeno empres\u00e1rio ou de uma empresa em crescimento, a Validon pretende ser o seu parceiro de confian\u00e7a para a clareza regulamentar e a efici\u00eancia operacional no mercado europeu.<\/p>\n\n\n\n<p>Mantenha-se ligado a n\u00f3s em <a href=\"https:\/\/www.facebook.com\/profile.php?id=61577292757311\" data-type=\"link\" data-id=\"https:\/\/www.facebook.com\/profile.php?id=61577292757311\">Facebook<\/a> para acompanhar os nossos progressos e apoiar a nossa vis\u00e3o de um ecossistema empresarial europeu mais forte e mais transparente.<\/p>\n\n\n\n<h2 class=\"wp-block-heading\">Com quem partilhamos os seus dados<\/h2>\n\n\n\n<p>Quando submete o formul\u00e1rio para valida\u00e7\u00e3o do IVA, os seus dados s\u00e3o validados no s\u00edtio Web e depois enviados para a integra\u00e7\u00e3o do VIES para valida\u00e7\u00e3o.<\/p>\n\n\n\n<p>Os dados introduzidos no formul\u00e1rio n\u00e3o s\u00e3o guardados connosco.<\/p>","protected":false},"excerpt":{"rendered":"<p>Who we are Validon.eu is a digital platform focused on simplifying EU VAT number validation through real-time integration with the official VIES system. Our mission is to strengthen the European business environment by helping companies across the EU verify VAT numbers quickly, accurately, and securely. We plan to expand our services to include invoicing tools, [&hellip;]<\/p>\n","protected":false},"author":2,"featured_media":0,"parent":0,"menu_order":0,"comment_status":"closed","ping_status":"open","template":"","meta":{"footnotes":""},"class_list":["post-3","page","type-page","status-publish","hentry"],"aioseo_notices":[],"_links":{"self":[{"href":"https:\/\/validon.eu\/pt\/wp-json\/wp\/v2\/pages\/3","targetHints":{"allow":["GET"]}}],"collection":[{"href":"https:\/\/validon.eu\/pt\/wp-json\/wp\/v2\/pages"}],"about":[{"href":"https:\/\/validon.eu\/pt\/wp-json\/wp\/v2\/types\/page"}],"author":[{"embeddable":true,"href":"https:\/\/validon.eu\/pt\/wp-json\/wp\/v2\/users\/2"}],"replies":[{"embeddable":true,"href":"https:\/\/validon.eu\/pt\/wp-json\/wp\/v2\/comments?post=3"}],"version-history":[{"count":2,"href":"https:\/\/validon.eu\/pt\/wp-json\/wp\/v2\/pages\/3\/revisions"}],"predecessor-version":[{"id":122,"href":"https:\/\/validon.eu\/pt\/wp-json\/wp\/v2\/pages\/3\/revisions\/122"}],"wp:attachment":[{"href":"https:\/\/validon.eu\/pt\/wp-json\/wp\/v2\/media?parent=3"}],"curies":[{"name":"wp","href":"https:\/\/api.w.org\/{rel}","templated":true}]}}