{"id":3,"date":"2025-06-16T14:13:18","date_gmt":"2025-06-16T14:13:18","guid":{"rendered":"https:\/\/validon.eu\/?page_id=3"},"modified":"2025-06-18T08:32:55","modified_gmt":"2025-06-18T08:32:55","slug":"polityka-prywatnosci","status":"publish","type":"page","link":"https:\/\/validon.eu\/pl\/polityka-prywatnosci\/","title":{"rendered":"Polityka prywatno\u015bci"},"content":{"rendered":"<h2 class=\"wp-block-heading\">Kim jeste\u015bmy<\/h2>\n\n\n\n<p>Validon.eu to platforma cyfrowa skupiaj\u0105ca si\u0119 na uproszczeniu weryfikacji numeru VAT UE poprzez integracj\u0119 w czasie rzeczywistym z oficjalnym systemem VIES. Nasz\u0105 misj\u0105 jest wzmocnienie europejskiego \u015brodowiska biznesowego poprzez pomoc firmom w ca\u0142ej UE w szybkiej, dok\u0142adnej i bezpiecznej weryfikacji numer\u00f3w VAT.<\/p>\n\n\n\n<p>Planujemy rozszerzy\u0107 nasze us\u0142ugi o narz\u0119dzia do fakturowania, inteligentne funkcje wsparcia biznesowego i praktyczne zasoby do nawigacji w zakresie zgodno\u015bci z ESG (Environmental, Social, and Governance). Niezale\u017cnie od tego, czy jeste\u015b ma\u0142ym przedsi\u0119biorc\u0105, czy rozwijaj\u0105cym si\u0119 przedsi\u0119biorstwem, Validon chce by\u0107 Twoim zaufanym partnerem w zakresie przejrzysto\u015bci przepis\u00f3w i wydajno\u015bci operacyjnej na rynku europejskim.<\/p>\n\n\n\n<p>Pozosta\u0144 z nami w kontakcie na <a href=\"https:\/\/www.facebook.com\/profile.php?id=61577292757311\" data-type=\"link\" data-id=\"https:\/\/www.facebook.com\/profile.php?id=61577292757311\">Facebook<\/a> aby \u015bledzi\u0107 nasze post\u0119py i wspiera\u0107 nasz\u0105 wizj\u0119 silniejszego, bardziej przejrzystego ekosystemu biznesowego UE.<\/p>\n\n\n\n<h2 class=\"wp-block-heading\">Komu udost\u0119pniamy dane u\u017cytkownika<\/h2>\n\n\n\n<p>Po przes\u0142aniu formularza do walidacji VAT dane wej\u015bciowe s\u0105 sprawdzane na stronie internetowej, a nast\u0119pnie wysy\u0142ane do integracji VIES w celu sprawdzenia.<\/p>\n\n\n\n<p>Dane wprowadzone do formularza nie s\u0105 przez nas przechowywane.<\/p>","protected":false},"excerpt":{"rendered":"<p>Who we are Validon.eu is a digital platform focused on simplifying EU VAT number validation through real-time integration with the official VIES system. Our mission is to strengthen the European business environment by helping companies across the EU verify VAT numbers quickly, accurately, and securely. We plan to expand our services to include invoicing tools, [&hellip;]<\/p>\n","protected":false},"author":2,"featured_media":0,"parent":0,"menu_order":0,"comment_status":"closed","ping_status":"open","template":"","meta":{"footnotes":""},"class_list":["post-3","page","type-page","status-publish","hentry"],"aioseo_notices":[],"_links":{"self":[{"href":"https:\/\/validon.eu\/pl\/wp-json\/wp\/v2\/pages\/3","targetHints":{"allow":["GET"]}}],"collection":[{"href":"https:\/\/validon.eu\/pl\/wp-json\/wp\/v2\/pages"}],"about":[{"href":"https:\/\/validon.eu\/pl\/wp-json\/wp\/v2\/types\/page"}],"author":[{"embeddable":true,"href":"https:\/\/validon.eu\/pl\/wp-json\/wp\/v2\/users\/2"}],"replies":[{"embeddable":true,"href":"https:\/\/validon.eu\/pl\/wp-json\/wp\/v2\/comments?post=3"}],"version-history":[{"count":2,"href":"https:\/\/validon.eu\/pl\/wp-json\/wp\/v2\/pages\/3\/revisions"}],"predecessor-version":[{"id":122,"href":"https:\/\/validon.eu\/pl\/wp-json\/wp\/v2\/pages\/3\/revisions\/122"}],"wp:attachment":[{"href":"https:\/\/validon.eu\/pl\/wp-json\/wp\/v2\/media?parent=3"}],"curies":[{"name":"wp","href":"https:\/\/api.w.org\/{rel}","templated":true}]}}