{"id":3,"date":"2025-06-16T14:13:18","date_gmt":"2025-06-16T14:13:18","guid":{"rendered":"https:\/\/validon.eu\/?page_id=3"},"modified":"2025-06-18T08:32:55","modified_gmt":"2025-06-18T08:32:55","slug":"personvernerklaering","status":"publish","type":"page","link":"https:\/\/validon.eu\/nb\/personvernerklaering\/","title":{"rendered":"Retningslinjer for personvern"},"content":{"rendered":"<h2 class=\"wp-block-heading\">Hvem vi er<\/h2>\n\n\n\n<p>Validon.eu er en digital plattform som fokuserer p\u00e5 \u00e5 forenkle validering av momsnummer i EU gjennom sanntidsintegrasjon med det offisielle VIES-systemet. V\u00e5rt m\u00e5l er \u00e5 styrke det europeiske forretningsmilj\u00f8et ved \u00e5 hjelpe selskaper i hele EU med \u00e5 verifisere MVA-nummer raskt, n\u00f8yaktig og sikkert.<\/p>\n\n\n\n<p>Vi planlegger \u00e5 utvide tjenestene v\u00e5re til \u00e5 omfatte faktureringsverkt\u00f8y, smarte funksjoner for forretningsst\u00f8tte og praktiske ressurser for \u00e5 navigere i samsvar med ESG (Environmental, Social and Governance). Enten du er en liten gr\u00fcnder eller en bedrift i vekst, har Validon som m\u00e5l \u00e5 v\u00e6re din p\u00e5litelige partner n\u00e5r det gjelder klarhet i regelverk og driftseffektivitet p\u00e5 det europeiske markedet.<\/p>\n\n\n\n<p>Hold kontakten med oss p\u00e5 <a href=\"https:\/\/www.facebook.com\/profile.php?id=61577292757311\" data-type=\"link\" data-id=\"https:\/\/www.facebook.com\/profile.php?id=61577292757311\">Facebook<\/a> til \u00e5 f\u00f8lge med p\u00e5 v\u00e5re fremskritt og st\u00f8tte v\u00e5r visjon om et sterkere og mer \u00e5pent \u00f8kosystem for n\u00e6ringslivet i EU.<\/p>\n\n\n\n<h2 class=\"wp-block-heading\">Hvem vi deler opplysningene dine med<\/h2>\n\n\n\n<p>N\u00e5r du sender inn skjemaet for validering av merverdiavgift, valideres inndataene dine p\u00e5 nettstedet og sendes deretter til VIES integratin for validering.<\/p>\n\n\n\n<p>Opplysninger du legger inn i skjemaet, lagres ikke hos oss.<\/p>","protected":false},"excerpt":{"rendered":"<p>Who we are Validon.eu is a digital platform focused on simplifying EU VAT number validation through real-time integration with the official VIES system. Our mission is to strengthen the European business environment by helping companies across the EU verify VAT numbers quickly, accurately, and securely. We plan to expand our services to include invoicing tools, [&hellip;]<\/p>\n","protected":false},"author":2,"featured_media":0,"parent":0,"menu_order":0,"comment_status":"closed","ping_status":"open","template":"","meta":{"footnotes":""},"class_list":["post-3","page","type-page","status-publish","hentry"],"aioseo_notices":[],"_links":{"self":[{"href":"https:\/\/validon.eu\/nb\/wp-json\/wp\/v2\/pages\/3","targetHints":{"allow":["GET"]}}],"collection":[{"href":"https:\/\/validon.eu\/nb\/wp-json\/wp\/v2\/pages"}],"about":[{"href":"https:\/\/validon.eu\/nb\/wp-json\/wp\/v2\/types\/page"}],"author":[{"embeddable":true,"href":"https:\/\/validon.eu\/nb\/wp-json\/wp\/v2\/users\/2"}],"replies":[{"embeddable":true,"href":"https:\/\/validon.eu\/nb\/wp-json\/wp\/v2\/comments?post=3"}],"version-history":[{"count":2,"href":"https:\/\/validon.eu\/nb\/wp-json\/wp\/v2\/pages\/3\/revisions"}],"predecessor-version":[{"id":122,"href":"https:\/\/validon.eu\/nb\/wp-json\/wp\/v2\/pages\/3\/revisions\/122"}],"wp:attachment":[{"href":"https:\/\/validon.eu\/nb\/wp-json\/wp\/v2\/media?parent=3"}],"curies":[{"name":"wp","href":"https:\/\/api.w.org\/{rel}","templated":true}]}}