{"id":3,"date":"2025-06-16T14:13:18","date_gmt":"2025-06-16T14:13:18","guid":{"rendered":"https:\/\/validon.eu\/?page_id=3"},"modified":"2025-06-18T08:32:55","modified_gmt":"2025-06-18T08:32:55","slug":"privatuma-politika","status":"publish","type":"page","link":"https:\/\/validon.eu\/lv\/privatuma-politika\/","title":{"rendered":"Konfidencialit\u0101tes politika"},"content":{"rendered":"<h2 class=\"wp-block-heading\">Kas m\u0113s esam<\/h2>\n\n\n\n<p>Validon.eu ir digit\u0101la platforma, kas ir v\u0113rsta uz ES PVN maks\u0101t\u0101ja re\u0123istr\u0101cijas numura apstiprin\u0101\u0161anas vienk\u0101r\u0161o\u0161anu, izmantojot re\u0101llaika integr\u0101ciju ar ofici\u0101lo VIES sist\u0113mu. M\u016bsu misija ir stiprin\u0101t Eiropas uz\u0146\u0113m\u0113jdarb\u012bbas vidi, pal\u012bdzot uz\u0146\u0113mumiem vis\u0101 ES \u0101tri, prec\u012bzi un dro\u0161i p\u0101rbaud\u012bt PVN numurus.<\/p>\n\n\n\n<p>M\u0113s pl\u0101nojam papla\u0161in\u0101t savus pakalpojumus, iek\u013caujot r\u0113\u0137inu sagatavo\u0161anas r\u012bkus, gudras uz\u0146\u0113m\u0113jdarb\u012bbas atbalsta funkcijas un praktiskus resursus, lai orient\u0113tos ESG (vides, soci\u0101l\u0101s un p\u0101rvald\u012bbas) atbilst\u012bbas jaut\u0101jumos. Neatkar\u012bgi no t\u0101, vai esat mazs uz\u0146\u0113m\u0113js vai augo\u0161s uz\u0146\u0113mums, Validon m\u0113r\u0137is ir b\u016bt j\u016bsu uzticamam partnerim regul\u0113juma skaidr\u012bbas un darb\u012bbas efektivit\u0101tes nodro\u0161in\u0101\u0161anai Eiropas tirg\u016b.<\/p>\n\n\n\n<p>Palieciet kop\u0101 ar mums <a href=\"https:\/\/www.facebook.com\/profile.php?id=61577292757311\" data-type=\"link\" data-id=\"https:\/\/www.facebook.com\/profile.php?id=61577292757311\">Facebook<\/a> sekot l\u012bdzi m\u016bsu progresam un atbalst\u012bt m\u016bsu redz\u0113jumu par sp\u0113c\u012bg\u0101ku un p\u0101rredzam\u0101ku ES uz\u0146\u0113m\u0113jdarb\u012bbas ekosist\u0113mu.<\/p>\n\n\n\n<h2 class=\"wp-block-heading\">Kam m\u0113s kop\u012bgojam j\u016bsu datus<\/h2>\n\n\n\n<p>Kad iesniedzat veidlapu PVN apstiprin\u0101\u0161anai, j\u016bsu ievad\u012btie dati tiek apstiprin\u0101ti t\u012bmek\u013ca vietn\u0113 un p\u0113c tam nos\u016bt\u012bti uz VIES integratin apstiprin\u0101\u0161anai.<\/p>\n\n\n\n<p>Veidlap\u0101 ievad\u012btie dati pie mums netiek glab\u0101ti.<\/p>","protected":false},"excerpt":{"rendered":"<p>Who we are Validon.eu is a digital platform focused on simplifying EU VAT number validation through real-time integration with the official VIES system. Our mission is to strengthen the European business environment by helping companies across the EU verify VAT numbers quickly, accurately, and securely. We plan to expand our services to include invoicing tools, [&hellip;]<\/p>\n","protected":false},"author":2,"featured_media":0,"parent":0,"menu_order":0,"comment_status":"closed","ping_status":"open","template":"","meta":{"footnotes":""},"class_list":["post-3","page","type-page","status-publish","hentry"],"aioseo_notices":[],"_links":{"self":[{"href":"https:\/\/validon.eu\/lv\/wp-json\/wp\/v2\/pages\/3","targetHints":{"allow":["GET"]}}],"collection":[{"href":"https:\/\/validon.eu\/lv\/wp-json\/wp\/v2\/pages"}],"about":[{"href":"https:\/\/validon.eu\/lv\/wp-json\/wp\/v2\/types\/page"}],"author":[{"embeddable":true,"href":"https:\/\/validon.eu\/lv\/wp-json\/wp\/v2\/users\/2"}],"replies":[{"embeddable":true,"href":"https:\/\/validon.eu\/lv\/wp-json\/wp\/v2\/comments?post=3"}],"version-history":[{"count":2,"href":"https:\/\/validon.eu\/lv\/wp-json\/wp\/v2\/pages\/3\/revisions"}],"predecessor-version":[{"id":122,"href":"https:\/\/validon.eu\/lv\/wp-json\/wp\/v2\/pages\/3\/revisions\/122"}],"wp:attachment":[{"href":"https:\/\/validon.eu\/lv\/wp-json\/wp\/v2\/media?parent=3"}],"curies":[{"name":"wp","href":"https:\/\/api.w.org\/{rel}","templated":true}]}}