{"id":3,"date":"2025-06-16T14:13:18","date_gmt":"2025-06-16T14:13:18","guid":{"rendered":"https:\/\/validon.eu\/?page_id=3"},"modified":"2025-06-18T08:32:55","modified_gmt":"2025-06-18T08:32:55","slug":"privatumo-politika","status":"publish","type":"page","link":"https:\/\/validon.eu\/lt\/privatumo-politika\/","title":{"rendered":"Privatumo politika"},"content":{"rendered":"<h2 class=\"wp-block-heading\">Kas mes esame<\/h2>\n\n\n\n<p>Validon.eu - tai skaitmenin\u0117 platforma, skirta supaprastinti ES PVM mok\u0117tojo kodo patvirtinim\u0105 realiuoju laiku integruojant su oficialia VIES sistema. M\u016bs\u0173 misija - stiprinti Europos verslo aplink\u0105 padedant \u012fmon\u0117ms visoje ES greitai, tiksliai ir saugiai patikrinti PVM mok\u0117tojo kod\u0105.<\/p>\n\n\n\n<p>Planuojame pl\u0117sti savo paslaugas, \u012ftraukdami s\u0105skait\u0173 fakt\u016br\u0173 i\u0161ra\u0161ymo \u012frankius, i\u0161maniosios verslo paramos funkcijas ir praktinius i\u0161teklius, skirtus ESG (aplinkosaugos, socialin\u0117s ir valdymo) atitik\u010diai u\u017etikrinti. Nesvarbu, ar esate smulkus verslininkas, ar auganti \u012fmon\u0117, \"Validon\" siekia tapti patikimu partneriu siekiant reguliavimo ai\u0161kumo ir veiklos efektyvumo Europos rinkoje.<\/p>\n\n\n\n<p>Palaikykite ry\u0161\u012f su mumis <a href=\"https:\/\/www.facebook.com\/profile.php?id=61577292757311\" data-type=\"link\" data-id=\"https:\/\/www.facebook.com\/profile.php?id=61577292757311\">\"Facebook\"<\/a> sekti m\u016bs\u0173 pa\u017eang\u0105 ir palaikyti m\u016bs\u0173 vizij\u0105 d\u0117l stipresn\u0117s ir skaidresn\u0117s ES verslo ekosistemos.<\/p>\n\n\n\n<h2 class=\"wp-block-heading\">Su kuo dalijam\u0117s j\u016bs\u0173 duomenimis<\/h2>\n\n\n\n<p>Kai pateikiate form\u0105 PVM patvirtinimui, j\u016bs\u0173 \u012fvestis patvirtinama svetain\u0117je, o tada siun\u010diama \u012f VIES integratin, kad ji b\u016bt\u0173 patvirtinta.<\/p>\n\n\n\n<p>Duomenys, kuriuos \u012fvedate \u012f form\u0105, pas mus n\u0117ra saugomi.<\/p>","protected":false},"excerpt":{"rendered":"<p>Who we are Validon.eu is a digital platform focused on simplifying EU VAT number validation through real-time integration with the official VIES system. Our mission is to strengthen the European business environment by helping companies across the EU verify VAT numbers quickly, accurately, and securely. We plan to expand our services to include invoicing tools, [&hellip;]<\/p>\n","protected":false},"author":2,"featured_media":0,"parent":0,"menu_order":0,"comment_status":"closed","ping_status":"open","template":"","meta":{"footnotes":""},"class_list":["post-3","page","type-page","status-publish","hentry"],"aioseo_notices":[],"_links":{"self":[{"href":"https:\/\/validon.eu\/lt\/wp-json\/wp\/v2\/pages\/3","targetHints":{"allow":["GET"]}}],"collection":[{"href":"https:\/\/validon.eu\/lt\/wp-json\/wp\/v2\/pages"}],"about":[{"href":"https:\/\/validon.eu\/lt\/wp-json\/wp\/v2\/types\/page"}],"author":[{"embeddable":true,"href":"https:\/\/validon.eu\/lt\/wp-json\/wp\/v2\/users\/2"}],"replies":[{"embeddable":true,"href":"https:\/\/validon.eu\/lt\/wp-json\/wp\/v2\/comments?post=3"}],"version-history":[{"count":2,"href":"https:\/\/validon.eu\/lt\/wp-json\/wp\/v2\/pages\/3\/revisions"}],"predecessor-version":[{"id":122,"href":"https:\/\/validon.eu\/lt\/wp-json\/wp\/v2\/pages\/3\/revisions\/122"}],"wp:attachment":[{"href":"https:\/\/validon.eu\/lt\/wp-json\/wp\/v2\/media?parent=3"}],"curies":[{"name":"wp","href":"https:\/\/api.w.org\/{rel}","templated":true}]}}