{"id":3,"date":"2025-06-16T14:13:18","date_gmt":"2025-06-16T14:13:18","guid":{"rendered":"https:\/\/validon.eu\/?page_id=3"},"modified":"2025-06-18T08:32:55","modified_gmt":"2025-06-18T08:32:55","slug":"adatvedelmi-politika","status":"publish","type":"page","link":"https:\/\/validon.eu\/hu\/adatvedelmi-politika\/","title":{"rendered":"Adatv\u00e9delmi ir\u00e1nyelvek"},"content":{"rendered":"<h2 class=\"wp-block-heading\">Kik vagyunk<\/h2>\n\n\n\n<p>A Validon.eu egy digit\u00e1lis platform, amely a hivatalos VIES rendszerrel val\u00f3 val\u00f3s idej\u0171 integr\u00e1ci\u00f3 r\u00e9v\u00e9n az uni\u00f3s h\u00e9asz\u00e1mok \u00e9rv\u00e9nyes\u00edt\u00e9s\u00e9nek egyszer\u0171s\u00edt\u00e9s\u00e9re \u00f6sszpontos\u00edt. K\u00fcldet\u00e9s\u00fcnk az eur\u00f3pai \u00fczleti k\u00f6rnyezet meger\u0151s\u00edt\u00e9se az\u00e1ltal, hogy seg\u00edt\u00fcnk a v\u00e1llalatoknak az EU-ban a h\u00e9asz\u00e1mok gyors, pontos \u00e9s biztons\u00e1gos ellen\u0151rz\u00e9s\u00e9ben.<\/p>\n\n\n\n<p>Tervezz\u00fck szolg\u00e1ltat\u00e1saink b\u0151v\u00edt\u00e9s\u00e9t sz\u00e1ml\u00e1z\u00e1si eszk\u00f6z\u00f6kkel, intelligens \u00fczleti t\u00e1mogat\u00e1si funkci\u00f3kkal \u00e9s az ESG (k\u00f6rnyezetv\u00e9delmi, t\u00e1rsadalmi \u00e9s korm\u00e1nyzati) megfelel\u00e9ssel kapcsolatos gyakorlati er\u0151forr\u00e1sokkal. Ak\u00e1r kisv\u00e1llalkoz\u00f3, ak\u00e1r n\u00f6vekv\u0151 v\u00e1llalkoz\u00e1s, a Validon c\u00e9lja, hogy megb\u00edzhat\u00f3 partnere legyen az eur\u00f3pai piac szab\u00e1lyoz\u00e1si tisztas\u00e1ga \u00e9s m\u0171k\u00f6d\u00e9si hat\u00e9konys\u00e1ga ter\u00e9n.<\/p>\n\n\n\n<p>Maradjon vel\u00fcnk kapcsolatban a <a href=\"https:\/\/www.facebook.com\/profile.php?id=61577292757311\" data-type=\"link\" data-id=\"https:\/\/www.facebook.com\/profile.php?id=61577292757311\">Facebook<\/a> hogy nyomon k\u00f6vesse el\u0151rehalad\u00e1sunkat, \u00e9s t\u00e1mogassa az er\u0151sebb \u00e9s \u00e1tl\u00e1that\u00f3bb uni\u00f3s \u00fczleti \u00f6kosziszt\u00e9m\u00e1ra vonatkoz\u00f3 elk\u00e9pzel\u00e9s\u00fcnket.<\/p>\n\n\n\n<h2 class=\"wp-block-heading\">Kivel osztjuk meg az \u00d6n adatait<\/h2>\n\n\n\n<p>Amikor elk\u00fcldi az \u0171rlapot h\u00e9a-\u00e9rv\u00e9nyes\u00edt\u00e9sre, az \u00d6n \u00e1ltal megadott adatokat a weboldalon \u00e9rv\u00e9nyes\u00edtik, majd elk\u00fcldik a VIES integr\u00e1tornak \u00e9rv\u00e9nyes\u00edt\u00e9sre.<\/p>\n\n\n\n<p>Az \u0171rlapon megadott adatokat nem t\u00e1roljuk.<\/p>","protected":false},"excerpt":{"rendered":"<p>Who we are Validon.eu is a digital platform focused on simplifying EU VAT number validation through real-time integration with the official VIES system. Our mission is to strengthen the European business environment by helping companies across the EU verify VAT numbers quickly, accurately, and securely. We plan to expand our services to include invoicing tools, [&hellip;]<\/p>\n","protected":false},"author":2,"featured_media":0,"parent":0,"menu_order":0,"comment_status":"closed","ping_status":"open","template":"","meta":{"footnotes":""},"class_list":["post-3","page","type-page","status-publish","hentry"],"aioseo_notices":[],"_links":{"self":[{"href":"https:\/\/validon.eu\/hu\/wp-json\/wp\/v2\/pages\/3","targetHints":{"allow":["GET"]}}],"collection":[{"href":"https:\/\/validon.eu\/hu\/wp-json\/wp\/v2\/pages"}],"about":[{"href":"https:\/\/validon.eu\/hu\/wp-json\/wp\/v2\/types\/page"}],"author":[{"embeddable":true,"href":"https:\/\/validon.eu\/hu\/wp-json\/wp\/v2\/users\/2"}],"replies":[{"embeddable":true,"href":"https:\/\/validon.eu\/hu\/wp-json\/wp\/v2\/comments?post=3"}],"version-history":[{"count":2,"href":"https:\/\/validon.eu\/hu\/wp-json\/wp\/v2\/pages\/3\/revisions"}],"predecessor-version":[{"id":122,"href":"https:\/\/validon.eu\/hu\/wp-json\/wp\/v2\/pages\/3\/revisions\/122"}],"wp:attachment":[{"href":"https:\/\/validon.eu\/hu\/wp-json\/wp\/v2\/media?parent=3"}],"curies":[{"name":"wp","href":"https:\/\/api.w.org\/{rel}","templated":true}]}}