{"id":3,"date":"2025-06-16T14:13:18","date_gmt":"2025-06-16T14:13:18","guid":{"rendered":"https:\/\/validon.eu\/?page_id=3"},"modified":"2025-06-18T08:32:55","modified_gmt":"2025-06-18T08:32:55","slug":"pravila-o-privatnosti","status":"publish","type":"page","link":"https:\/\/validon.eu\/hr\/pravila-o-privatnosti\/","title":{"rendered":"Pravila o privatnosti"},"content":{"rendered":"<h2 class=\"wp-block-heading\">Tko smo mi<\/h2>\n\n\n\n<p>Validon.eu je digitalna platforma usmjerena na pojednostavljenje validacije PDV brojeva u EU putem integracije u stvarnom vremenu sa slu\u017ebenim VIES sustavom. Na\u0161a je misija oja\u010dati europsko poslovno okru\u017eenje poma\u017eu\u0107i tvrtkama diljem EU da brzo, to\u010dno i sigurno provjere PDV brojeve.<\/p>\n\n\n\n<p>Planiramo pro\u0161iriti na\u0161e usluge kako bismo uklju\u010dili alate za fakturiranje, pametne zna\u010dajke poslovne podr\u0161ke i prakti\u010dne resurse za snala\u017eenje u uskla\u0111enosti s ESG (ekolo\u0161kim, dru\u0161tvenim i upravlja\u010dkim) propisima. Bez obzira jeste li mali poduzetnik ili tvrtka u razvoju, Validon \u017eeli biti va\u0161 pouzdani partner za regulatornu jasno\u0107u i operativnu u\u010dinkovitost na europskom tr\u017ei\u0161tu.<\/p>\n\n\n\n<p>Ostanite povezani s nama na <a href=\"https:\/\/www.facebook.com\/profile.php?id=61577292757311\" data-type=\"link\" data-id=\"https:\/\/www.facebook.com\/profile.php?id=61577292757311\">Facebook<\/a> pratiti na\u0161 napredak i podr\u017eati na\u0161u viziju za ja\u010di i transparentniji poslovni ekosustav EU-a.<\/p>\n\n\n\n<h2 class=\"wp-block-heading\">S kim dijelimo va\u0161e podatke<\/h2>\n\n\n\n<p>Kada po\u0161aljete obrazac za PDV validaciju, va\u0161 unos se potvr\u0111uje na web stranici, a zatim \u0161alje VIES integratinu na validaciju.<\/p>\n\n\n\n<p>Podaci koje unesete u obrazac ne pohranjuju se kod nas.<\/p>","protected":false},"excerpt":{"rendered":"<p>Who we are Validon.eu is a digital platform focused on simplifying EU VAT number validation through real-time integration with the official VIES system. Our mission is to strengthen the European business environment by helping companies across the EU verify VAT numbers quickly, accurately, and securely. We plan to expand our services to include invoicing tools, [&hellip;]<\/p>\n","protected":false},"author":2,"featured_media":0,"parent":0,"menu_order":0,"comment_status":"closed","ping_status":"open","template":"","meta":{"footnotes":""},"class_list":["post-3","page","type-page","status-publish","hentry"],"aioseo_notices":[],"_links":{"self":[{"href":"https:\/\/validon.eu\/hr\/wp-json\/wp\/v2\/pages\/3","targetHints":{"allow":["GET"]}}],"collection":[{"href":"https:\/\/validon.eu\/hr\/wp-json\/wp\/v2\/pages"}],"about":[{"href":"https:\/\/validon.eu\/hr\/wp-json\/wp\/v2\/types\/page"}],"author":[{"embeddable":true,"href":"https:\/\/validon.eu\/hr\/wp-json\/wp\/v2\/users\/2"}],"replies":[{"embeddable":true,"href":"https:\/\/validon.eu\/hr\/wp-json\/wp\/v2\/comments?post=3"}],"version-history":[{"count":2,"href":"https:\/\/validon.eu\/hr\/wp-json\/wp\/v2\/pages\/3\/revisions"}],"predecessor-version":[{"id":122,"href":"https:\/\/validon.eu\/hr\/wp-json\/wp\/v2\/pages\/3\/revisions\/122"}],"wp:attachment":[{"href":"https:\/\/validon.eu\/hr\/wp-json\/wp\/v2\/media?parent=3"}],"curies":[{"name":"radni list","href":"https:\/\/api.w.org\/{rel}","templated":true}]}}