{"id":3,"date":"2025-06-16T14:13:18","date_gmt":"2025-06-16T14:13:18","guid":{"rendered":"https:\/\/validon.eu\/?page_id=3"},"modified":"2025-06-18T08:32:55","modified_gmt":"2025-06-18T08:32:55","slug":"politique-de-confidentialite","status":"publish","type":"page","link":"https:\/\/validon.eu\/fr\/politique-de-confidentialite\/","title":{"rendered":"Politique de confidentialit\u00e9"},"content":{"rendered":"<h2 class=\"wp-block-heading\">Qui sommes-nous ?<\/h2>\n\n\n\n<p>Validon.eu est une plateforme num\u00e9rique dont l'objectif est de simplifier la validation des num\u00e9ros de TVA dans l'UE gr\u00e2ce \u00e0 une int\u00e9gration en temps r\u00e9el avec le syst\u00e8me officiel VIES. Notre mission est de renforcer l'environnement commercial europ\u00e9en en aidant les entreprises de l'UE \u00e0 v\u00e9rifier les num\u00e9ros de TVA de mani\u00e8re rapide, pr\u00e9cise et s\u00e9curis\u00e9e.<\/p>\n\n\n\n<p>Nous pr\u00e9voyons d'\u00e9tendre nos services pour inclure des outils de facturation, des fonctions de soutien aux entreprises intelligentes et des ressources pratiques pour naviguer dans la conformit\u00e9 ESG (Environnement, Social et Gouvernance). Que vous soyez un petit entrepreneur ou une entreprise en pleine croissance, Validon a pour objectif d'\u00eatre votre partenaire de confiance en mati\u00e8re de clart\u00e9 r\u00e9glementaire et d'efficacit\u00e9 op\u00e9rationnelle sur le march\u00e9 europ\u00e9en.<\/p>\n\n\n\n<p>Restez en contact avec nous sur <a href=\"https:\/\/www.facebook.com\/profile.php?id=61577292757311\" data-type=\"link\" data-id=\"https:\/\/www.facebook.com\/profile.php?id=61577292757311\">Facebook<\/a> pour suivre nos progr\u00e8s et soutenir notre vision d'un \u00e9cosyst\u00e8me \u00e9conomique europ\u00e9en plus fort et plus transparent.<\/p>\n\n\n\n<h2 class=\"wp-block-heading\">Avec qui partageons-nous vos donn\u00e9es ?<\/h2>\n\n\n\n<p>Lorsque vous soumettez le formulaire de validation de la TVA, vos donn\u00e9es sont valid\u00e9es sur le site web, puis envoy\u00e9es \u00e0 l'int\u00e9gration VIES pour \u00eatre valid\u00e9es.<\/p>\n\n\n\n<p>Les donn\u00e9es que vous saisissez dans le formulaire ne sont pas stock\u00e9es chez nous.<\/p>","protected":false},"excerpt":{"rendered":"<p>Who we are Validon.eu is a digital platform focused on simplifying EU VAT number validation through real-time integration with the official VIES system. Our mission is to strengthen the European business environment by helping companies across the EU verify VAT numbers quickly, accurately, and securely. We plan to expand our services to include invoicing tools, [&hellip;]<\/p>\n","protected":false},"author":2,"featured_media":0,"parent":0,"menu_order":0,"comment_status":"closed","ping_status":"open","template":"","meta":{"footnotes":""},"class_list":["post-3","page","type-page","status-publish","hentry"],"aioseo_notices":[],"_links":{"self":[{"href":"https:\/\/validon.eu\/fr\/wp-json\/wp\/v2\/pages\/3","targetHints":{"allow":["GET"]}}],"collection":[{"href":"https:\/\/validon.eu\/fr\/wp-json\/wp\/v2\/pages"}],"about":[{"href":"https:\/\/validon.eu\/fr\/wp-json\/wp\/v2\/types\/page"}],"author":[{"embeddable":true,"href":"https:\/\/validon.eu\/fr\/wp-json\/wp\/v2\/users\/2"}],"replies":[{"embeddable":true,"href":"https:\/\/validon.eu\/fr\/wp-json\/wp\/v2\/comments?post=3"}],"version-history":[{"count":2,"href":"https:\/\/validon.eu\/fr\/wp-json\/wp\/v2\/pages\/3\/revisions"}],"predecessor-version":[{"id":122,"href":"https:\/\/validon.eu\/fr\/wp-json\/wp\/v2\/pages\/3\/revisions\/122"}],"wp:attachment":[{"href":"https:\/\/validon.eu\/fr\/wp-json\/wp\/v2\/media?parent=3"}],"curies":[{"name":"wp","href":"https:\/\/api.w.org\/{rel}","templated":true}]}}