{"id":3,"date":"2025-06-16T14:13:18","date_gmt":"2025-06-16T14:13:18","guid":{"rendered":"https:\/\/validon.eu\/?page_id=3"},"modified":"2025-06-18T08:32:55","modified_gmt":"2025-06-18T08:32:55","slug":"tietosuojakaytanto","status":"publish","type":"page","link":"https:\/\/validon.eu\/fi\/tietosuojakaytanto\/","title":{"rendered":"Tietosuojak\u00e4yt\u00e4nt\u00f6"},"content":{"rendered":"<h2 class=\"wp-block-heading\">Keit\u00e4 me olemme<\/h2>\n\n\n\n<p>Validon.eu on digitaalinen alusta, joka on keskittynyt yksinkertaistamaan EU:n alv-numeron validointia integroimalla se reaaliaikaisesti viralliseen VIES-j\u00e4rjestelm\u00e4\u00e4n. Teht\u00e4v\u00e4mme on vahvistaa eurooppalaista liiketoimintaymp\u00e4rist\u00f6\u00e4 auttamalla yrityksi\u00e4 kaikkialla EU:ssa tarkistamaan alv-numerot nopeasti, tarkasti ja turvallisesti.<\/p>\n\n\n\n<p>Aiomme laajentaa palveluitamme laskutusty\u00f6kaluilla, \u00e4lykk\u00e4ill\u00e4 yritystukiominaisuuksilla ja k\u00e4yt\u00e4nn\u00f6n resursseilla ESG-vaatimusten (Environmental, Social and Governance) noudattamiseen. Olitpa sitten pienyritt\u00e4j\u00e4 tai kasvava yritys, Validon haluaa olla luotettava kumppanisi, joka takaa s\u00e4\u00e4ntelyn selkeyden ja toiminnan tehokkuuden Euroopan markkinoilla.<\/p>\n\n\n\n<p>Pysy yhteydess\u00e4 meihin osoitteessa <a href=\"https:\/\/www.facebook.com\/profile.php?id=61577292757311\" data-type=\"link\" data-id=\"https:\/\/www.facebook.com\/profile.php?id=61577292757311\">Facebook<\/a> seurata edistymist\u00e4mme ja tukea visiotamme vahvemmasta ja avoimemmasta EU:n yritysekosysteemist\u00e4.<\/p>\n\n\n\n<h2 class=\"wp-block-heading\">Kenen kanssa jaamme tietojasi<\/h2>\n\n\n\n<p>Kun l\u00e4het\u00e4t lomakkeen arvonlis\u00e4veron vahvistamista varten, sy\u00f6tteesi vahvistetaan verkkosivustolla ja l\u00e4hetet\u00e4\u00e4n sitten VIES-integraatioon vahvistettavaksi.<\/p>\n\n\n\n<p>Lomakkeelle sy\u00f6tt\u00e4mi\u00e4si tietoja ei tallenneta meille.<\/p>","protected":false},"excerpt":{"rendered":"<p>Who we are Validon.eu is a digital platform focused on simplifying EU VAT number validation through real-time integration with the official VIES system. Our mission is to strengthen the European business environment by helping companies across the EU verify VAT numbers quickly, accurately, and securely. We plan to expand our services to include invoicing tools, [&hellip;]<\/p>\n","protected":false},"author":2,"featured_media":0,"parent":0,"menu_order":0,"comment_status":"closed","ping_status":"open","template":"","meta":{"footnotes":""},"class_list":["post-3","page","type-page","status-publish","hentry"],"aioseo_notices":[],"_links":{"self":[{"href":"https:\/\/validon.eu\/fi\/wp-json\/wp\/v2\/pages\/3","targetHints":{"allow":["GET"]}}],"collection":[{"href":"https:\/\/validon.eu\/fi\/wp-json\/wp\/v2\/pages"}],"about":[{"href":"https:\/\/validon.eu\/fi\/wp-json\/wp\/v2\/types\/page"}],"author":[{"embeddable":true,"href":"https:\/\/validon.eu\/fi\/wp-json\/wp\/v2\/users\/2"}],"replies":[{"embeddable":true,"href":"https:\/\/validon.eu\/fi\/wp-json\/wp\/v2\/comments?post=3"}],"version-history":[{"count":2,"href":"https:\/\/validon.eu\/fi\/wp-json\/wp\/v2\/pages\/3\/revisions"}],"predecessor-version":[{"id":122,"href":"https:\/\/validon.eu\/fi\/wp-json\/wp\/v2\/pages\/3\/revisions\/122"}],"wp:attachment":[{"href":"https:\/\/validon.eu\/fi\/wp-json\/wp\/v2\/media?parent=3"}],"curies":[{"name":"wp","href":"https:\/\/api.w.org\/{rel}","templated":true}]}}