{"id":3,"date":"2025-06-16T14:13:18","date_gmt":"2025-06-16T14:13:18","guid":{"rendered":"https:\/\/validon.eu\/?page_id=3"},"modified":"2025-06-18T08:32:55","modified_gmt":"2025-06-18T08:32:55","slug":"privaatsuspoliitika","status":"publish","type":"page","link":"https:\/\/validon.eu\/et\/privaatsuspoliitika\/","title":{"rendered":"Privaatsuspoliitika"},"content":{"rendered":"<h2 class=\"wp-block-heading\">Kes me oleme<\/h2>\n\n\n\n<p>Validon.eu on digitaalne platvorm, mis keskendub ELi k\u00e4ibemaksukohustuslasena registreerimise lihtsustamisele, integreerides selle reaalajas ametliku VIES-s\u00fcsteemiga. Meie eesm\u00e4rk on tugevdada Euroopa ettev\u00f5tluskeskkonda, aidates ettev\u00f5tetel kogu ELis k\u00e4ibemaksukohustuslase numbreid kiiresti, t\u00e4pselt ja turvaliselt kontrollida.<\/p>\n\n\n\n<p>Plaanime laiendada oma teenuseid, et lisada arvete esitamise vahendid, arukad \u00e4ritegevuse tugifunktsioonid ja praktilised ressursid ESG (keskkonna-, sotsiaal- ja valitsemistava) n\u00f5uete j\u00e4rgimiseks. Olenemata sellest, kas olete v\u00e4ikeettev\u00f5tja v\u00f5i kasvav ettev\u00f5te, Validoni eesm\u00e4rk on olla teie usaldusv\u00e4\u00e4rne partner regulatiivse selguse ja tegevuse t\u00f5hususe tagamiseks Euroopa turul.<\/p>\n\n\n\n<p>Ole meiega \u00fchenduses aadressil <a href=\"https:\/\/www.facebook.com\/profile.php?id=61577292757311\" data-type=\"link\" data-id=\"https:\/\/www.facebook.com\/profile.php?id=61577292757311\">Facebook<\/a> j\u00e4lgida meie edusamme ja toetada meie n\u00e4gemust tugevamast ja l\u00e4bipaistvamast ELi ettev\u00f5tluse \u00f6kos\u00fcsteemist.<\/p>\n\n\n\n<h2 class=\"wp-block-heading\">Kellega me teie andmeid jagame<\/h2>\n\n\n\n<p>Kui esitate vormi k\u00e4ibemaksu valideerimiseks, valideeritakse teie sisend veebilehel ja saadetakse seej\u00e4rel VIES integratinile valideerimiseks.<\/p>\n\n\n\n<p>Teie poolt vormi sisestatud andmeid me ei salvesta.<\/p>","protected":false},"excerpt":{"rendered":"<p>Who we are Validon.eu is a digital platform focused on simplifying EU VAT number validation through real-time integration with the official VIES system. Our mission is to strengthen the European business environment by helping companies across the EU verify VAT numbers quickly, accurately, and securely. We plan to expand our services to include invoicing tools, [&hellip;]<\/p>\n","protected":false},"author":2,"featured_media":0,"parent":0,"menu_order":0,"comment_status":"closed","ping_status":"open","template":"","meta":{"footnotes":""},"class_list":["post-3","page","type-page","status-publish","hentry"],"aioseo_notices":[],"_links":{"self":[{"href":"https:\/\/validon.eu\/et\/wp-json\/wp\/v2\/pages\/3","targetHints":{"allow":["GET"]}}],"collection":[{"href":"https:\/\/validon.eu\/et\/wp-json\/wp\/v2\/pages"}],"about":[{"href":"https:\/\/validon.eu\/et\/wp-json\/wp\/v2\/types\/page"}],"author":[{"embeddable":true,"href":"https:\/\/validon.eu\/et\/wp-json\/wp\/v2\/users\/2"}],"replies":[{"embeddable":true,"href":"https:\/\/validon.eu\/et\/wp-json\/wp\/v2\/comments?post=3"}],"version-history":[{"count":2,"href":"https:\/\/validon.eu\/et\/wp-json\/wp\/v2\/pages\/3\/revisions"}],"predecessor-version":[{"id":122,"href":"https:\/\/validon.eu\/et\/wp-json\/wp\/v2\/pages\/3\/revisions\/122"}],"wp:attachment":[{"href":"https:\/\/validon.eu\/et\/wp-json\/wp\/v2\/media?parent=3"}],"curies":[{"name":"wp","href":"https:\/\/api.w.org\/{rel}","templated":true}]}}