{"id":3,"date":"2025-06-16T14:13:18","date_gmt":"2025-06-16T14:13:18","guid":{"rendered":"https:\/\/validon.eu\/?page_id=3"},"modified":"2025-06-18T08:32:55","modified_gmt":"2025-06-18T08:32:55","slug":"politica-de-privacidad","status":"publish","type":"page","link":"https:\/\/validon.eu\/es\/politica-de-privacidad\/","title":{"rendered":"Pol\u00edtica de privacidad"},"content":{"rendered":"<h2 class=\"wp-block-heading\">Qui\u00e9nes somos<\/h2>\n\n\n\n<p>Validon.eu es una plataforma digital centrada en simplificar la validaci\u00f3n del n\u00famero de IVA de la UE mediante la integraci\u00f3n en tiempo real con el sistema oficial VIES. Nuestra misi\u00f3n es fortalecer el entorno empresarial europeo ayudando a las empresas de toda la UE a verificar los n\u00fameros de IVA de forma r\u00e1pida, precisa y segura.<\/p>\n\n\n\n<p>Tenemos previsto ampliar nuestros servicios para incluir herramientas de facturaci\u00f3n, funciones inteligentes de apoyo a las empresas y recursos pr\u00e1cticos para navegar por el cumplimiento de la normativa ESG (Environmental, Social, and Governance). Tanto si es un peque\u00f1o empresario como una empresa en expansi\u00f3n, Validon aspira a ser su socio de confianza para la claridad normativa y la eficiencia operativa en el mercado europeo.<\/p>\n\n\n\n<p>Mant\u00e9ngase en contacto con nosotros en <a href=\"https:\/\/www.facebook.com\/profile.php?id=61577292757311\" data-type=\"link\" data-id=\"https:\/\/www.facebook.com\/profile.php?id=61577292757311\">Facebook<\/a> para seguir nuestros progresos y apoyar nuestra visi\u00f3n de un ecosistema empresarial de la UE m\u00e1s fuerte y transparente.<\/p>\n\n\n\n<h2 class=\"wp-block-heading\">Con qui\u00e9n compartimos sus datos<\/h2>\n\n\n\n<p>Cuando env\u00eda el formulario para la validaci\u00f3n del IVA, sus datos se validan en el sitio web y, a continuaci\u00f3n, se env\u00edan a VIES para su validaci\u00f3n.<\/p>\n\n\n\n<p>Los datos que introduzca en el formulario no se almacenan con nosotros.<\/p>","protected":false},"excerpt":{"rendered":"<p>Who we are Validon.eu is a digital platform focused on simplifying EU VAT number validation through real-time integration with the official VIES system. Our mission is to strengthen the European business environment by helping companies across the EU verify VAT numbers quickly, accurately, and securely. We plan to expand our services to include invoicing tools, [&hellip;]<\/p>\n","protected":false},"author":2,"featured_media":0,"parent":0,"menu_order":0,"comment_status":"closed","ping_status":"open","template":"","meta":{"footnotes":""},"class_list":["post-3","page","type-page","status-publish","hentry"],"aioseo_notices":[],"_links":{"self":[{"href":"https:\/\/validon.eu\/es\/wp-json\/wp\/v2\/pages\/3","targetHints":{"allow":["GET"]}}],"collection":[{"href":"https:\/\/validon.eu\/es\/wp-json\/wp\/v2\/pages"}],"about":[{"href":"https:\/\/validon.eu\/es\/wp-json\/wp\/v2\/types\/page"}],"author":[{"embeddable":true,"href":"https:\/\/validon.eu\/es\/wp-json\/wp\/v2\/users\/2"}],"replies":[{"embeddable":true,"href":"https:\/\/validon.eu\/es\/wp-json\/wp\/v2\/comments?post=3"}],"version-history":[{"count":2,"href":"https:\/\/validon.eu\/es\/wp-json\/wp\/v2\/pages\/3\/revisions"}],"predecessor-version":[{"id":122,"href":"https:\/\/validon.eu\/es\/wp-json\/wp\/v2\/pages\/3\/revisions\/122"}],"wp:attachment":[{"href":"https:\/\/validon.eu\/es\/wp-json\/wp\/v2\/media?parent=3"}],"curies":[{"name":"wp","href":"https:\/\/api.w.org\/{rel}","templated":true}]}}