{"id":3,"date":"2025-06-16T14:13:18","date_gmt":"2025-06-16T14:13:18","guid":{"rendered":"https:\/\/validon.eu\/?page_id=3"},"modified":"2025-06-18T08:32:55","modified_gmt":"2025-06-18T08:32:55","slug":"datenschutzbestimmungen","status":"publish","type":"page","link":"https:\/\/validon.eu\/de_at\/datenschutzbestimmungen\/","title":{"rendered":"Datenschutzbestimmungen"},"content":{"rendered":"<h2 class=\"wp-block-heading\">Wer wir sind<\/h2>\n\n\n\n<p>Validon.eu ist eine digitale Plattform, die sich auf die Vereinfachung der Validierung von EU-Mehrwertsteuernummern durch Echtzeitintegration mit dem offiziellen MIAS-System konzentriert. Unser Ziel ist es, das europ\u00e4ische Gesch\u00e4ftsumfeld zu st\u00e4rken, indem wir Unternehmen in der gesamten EU dabei helfen, ihre Mehrwertsteuernummern schnell, genau und sicher zu \u00fcberpr\u00fcfen.<\/p>\n\n\n\n<p>Wir planen, unsere Dienstleistungen um Fakturierungstools, intelligente Unterst\u00fctzungsfunktionen f\u00fcr Unternehmen und praktische Ressourcen f\u00fcr die Einhaltung von ESG-Vorschriften (Environmental, Social, and Governance) zu erweitern. Egal, ob Sie ein kleiner Unternehmer oder ein wachsendes Unternehmen sind, Validon m\u00f6chte Ihr zuverl\u00e4ssiger Partner sein, wenn es darum geht, Klarheit \u00fcber gesetzliche Vorschriften und betriebliche Effizienz auf dem europ\u00e4ischen Markt zu schaffen.<\/p>\n\n\n\n<p>Bleiben Sie mit uns verbunden auf <a href=\"https:\/\/www.facebook.com\/profile.php?id=61577292757311\" data-type=\"link\" data-id=\"https:\/\/www.facebook.com\/profile.php?id=61577292757311\">Facebook<\/a> um unsere Fortschritte zu verfolgen und unsere Vision eines st\u00e4rkeren, transparenteren EU-Unternehmens\u00f6kosystems zu unterst\u00fctzen.<\/p>\n\n\n\n<h2 class=\"wp-block-heading\">Mit wem wir Ihre Daten teilen<\/h2>\n\n\n\n<p>Wenn Sie das Formular f\u00fcr die MwSt-Validierung abschicken, werden Ihre Eingaben auf der Website validiert und dann zur Validierung an das MIAS-Integrationsprogramm gesendet.<\/p>\n\n\n\n<p>Daten, die Sie in das Formular eingeben, werden nicht bei uns gespeichert.<\/p>","protected":false},"excerpt":{"rendered":"<p>Who we are Validon.eu is a digital platform focused on simplifying EU VAT number validation through real-time integration with the official VIES system. Our mission is to strengthen the European business environment by helping companies across the EU verify VAT numbers quickly, accurately, and securely. We plan to expand our services to include invoicing tools, [&hellip;]<\/p>\n","protected":false},"author":2,"featured_media":0,"parent":0,"menu_order":0,"comment_status":"closed","ping_status":"open","template":"","meta":{"footnotes":""},"class_list":["post-3","page","type-page","status-publish","hentry"],"aioseo_notices":[],"_links":{"self":[{"href":"https:\/\/validon.eu\/de_at\/wp-json\/wp\/v2\/pages\/3","targetHints":{"allow":["GET"]}}],"collection":[{"href":"https:\/\/validon.eu\/de_at\/wp-json\/wp\/v2\/pages"}],"about":[{"href":"https:\/\/validon.eu\/de_at\/wp-json\/wp\/v2\/types\/page"}],"author":[{"embeddable":true,"href":"https:\/\/validon.eu\/de_at\/wp-json\/wp\/v2\/users\/2"}],"replies":[{"embeddable":true,"href":"https:\/\/validon.eu\/de_at\/wp-json\/wp\/v2\/comments?post=3"}],"version-history":[{"count":2,"href":"https:\/\/validon.eu\/de_at\/wp-json\/wp\/v2\/pages\/3\/revisions"}],"predecessor-version":[{"id":122,"href":"https:\/\/validon.eu\/de_at\/wp-json\/wp\/v2\/pages\/3\/revisions\/122"}],"wp:attachment":[{"href":"https:\/\/validon.eu\/de_at\/wp-json\/wp\/v2\/media?parent=3"}],"curies":[{"name":"wp","href":"https:\/\/api.w.org\/{rel}","templated":true}]}}