{"id":3,"date":"2025-06-16T14:13:18","date_gmt":"2025-06-16T14:13:18","guid":{"rendered":"https:\/\/validon.eu\/?page_id=3"},"modified":"2025-06-18T08:32:55","modified_gmt":"2025-06-18T08:32:55","slug":"privatlivspolitik","status":"publish","type":"page","link":"https:\/\/validon.eu\/da\/privatlivspolitik\/","title":{"rendered":"Politik for beskyttelse af personlige oplysninger"},"content":{"rendered":"<h2 class=\"wp-block-heading\">Hvem vi er<\/h2>\n\n\n\n<p>Validon.eu er en digital platform, der fokuserer p\u00e5 at forenkle valideringen af EU-momsnumre gennem realtidsintegration med det officielle VIES-system. Vores mission er at styrke det europ\u00e6iske forretningsmilj\u00f8 ved at hj\u00e6lpe virksomheder i hele EU med at verificere momsnumre hurtigt, pr\u00e6cist og sikkert.<\/p>\n\n\n\n<p>Vi planl\u00e6gger at udvide vores tjenester til at omfatte faktureringsv\u00e6rkt\u00f8jer, smarte forretningsst\u00f8ttefunktioner og praktiske ressourcer til at navigere i ESG-overholdelse (Environmental, Social and Governance). Uanset om du er en lille iv\u00e6rks\u00e6tter eller en virksomhed i v\u00e6kst, er Validons m\u00e5l at v\u00e6re din betroede partner, n\u00e5r det g\u00e6lder klarhed om lovgivningen og effektivitet i driften p\u00e5 det europ\u00e6iske marked.<\/p>\n\n\n\n<p>Hold kontakten med os p\u00e5 <a href=\"https:\/\/www.facebook.com\/profile.php?id=61577292757311\" data-type=\"link\" data-id=\"https:\/\/www.facebook.com\/profile.php?id=61577292757311\">Facebook<\/a> for at f\u00f8lge vores fremskridt og st\u00f8tte vores vision om et st\u00e6rkere og mere gennemsigtigt erhvervs\u00f8kosystem i EU.<\/p>\n\n\n\n<h2 class=\"wp-block-heading\">Hvem vi deler dine data med<\/h2>\n\n\n\n<p>N\u00e5r du sender formularen til momsvalidering, valideres dit input p\u00e5 webstedet og sendes derefter til VIES-integratoren for at blive valideret.<\/p>\n\n\n\n<p>Data, du indtaster i formularen, gemmes ikke hos os.<\/p>","protected":false},"excerpt":{"rendered":"<p>Who we are Validon.eu is a digital platform focused on simplifying EU VAT number validation through real-time integration with the official VIES system. Our mission is to strengthen the European business environment by helping companies across the EU verify VAT numbers quickly, accurately, and securely. We plan to expand our services to include invoicing tools, [&hellip;]<\/p>\n","protected":false},"author":2,"featured_media":0,"parent":0,"menu_order":0,"comment_status":"closed","ping_status":"open","template":"","meta":{"footnotes":""},"class_list":["post-3","page","type-page","status-publish","hentry"],"aioseo_notices":[],"_links":{"self":[{"href":"https:\/\/validon.eu\/da\/wp-json\/wp\/v2\/pages\/3","targetHints":{"allow":["GET"]}}],"collection":[{"href":"https:\/\/validon.eu\/da\/wp-json\/wp\/v2\/pages"}],"about":[{"href":"https:\/\/validon.eu\/da\/wp-json\/wp\/v2\/types\/page"}],"author":[{"embeddable":true,"href":"https:\/\/validon.eu\/da\/wp-json\/wp\/v2\/users\/2"}],"replies":[{"embeddable":true,"href":"https:\/\/validon.eu\/da\/wp-json\/wp\/v2\/comments?post=3"}],"version-history":[{"count":2,"href":"https:\/\/validon.eu\/da\/wp-json\/wp\/v2\/pages\/3\/revisions"}],"predecessor-version":[{"id":122,"href":"https:\/\/validon.eu\/da\/wp-json\/wp\/v2\/pages\/3\/revisions\/122"}],"wp:attachment":[{"href":"https:\/\/validon.eu\/da\/wp-json\/wp\/v2\/media?parent=3"}],"curies":[{"name":"wp","href":"https:\/\/api.w.org\/{rel}","templated":true}]}}