{"id":3,"date":"2025-06-16T14:13:18","date_gmt":"2025-06-16T14:13:18","guid":{"rendered":"https:\/\/validon.eu\/?page_id=3"},"modified":"2025-06-18T08:32:55","modified_gmt":"2025-06-18T08:32:55","slug":"zasady-ochrany-osobnich-udaju","status":"publish","type":"page","link":"https:\/\/validon.eu\/cs\/zasady-ochrany-osobnich-udaju\/","title":{"rendered":"Z\u00e1sady ochrany osobn\u00edch \u00fadaj\u016f"},"content":{"rendered":"<h2 class=\"wp-block-heading\">Kdo jsme<\/h2>\n\n\n\n<p>Validon.eu je digit\u00e1ln\u00ed platforma zam\u011b\u0159en\u00e1 na zjednodu\u0161en\u00ed ov\u011b\u0159ov\u00e1n\u00ed DI\u010c v EU prost\u0159ednictv\u00edm integrace s ofici\u00e1ln\u00edm syst\u00e9mem VIES v re\u00e1ln\u00e9m \u010dase. Na\u0161\u00edm posl\u00e1n\u00edm je pos\u00edlit evropsk\u00e9 podnikatelsk\u00e9 prost\u0159ed\u00ed t\u00edm, \u017ee pom\u00e1h\u00e1me spole\u010dnostem v cel\u00e9 EU rychle, p\u0159esn\u011b a bezpe\u010dn\u011b ov\u011b\u0159ovat \u010d\u00edsla DPH.<\/p>\n\n\n\n<p>Pl\u00e1nujeme roz\u0161\u00ed\u0159it na\u0161e slu\u017eby o n\u00e1stroje pro fakturaci, funkce pro inteligentn\u00ed podporu podnik\u00e1n\u00ed a praktick\u00e9 zdroje pro orientaci v oblasti dodr\u017eov\u00e1n\u00ed p\u0159edpis\u016f ESG (Environmental, Social and Governance). A\u0165 u\u017e jste mal\u00fd podnikatel nebo rostouc\u00ed firma, Validon si klade za c\u00edl b\u00fdt va\u0161\u00edm d\u016fv\u011bryhodn\u00fdm partnerem pro p\u0159ehlednost p\u0159edpis\u016f a provozn\u00ed efektivitu na evropsk\u00e9m trhu.<\/p>\n\n\n\n<p>Z\u016fsta\u0148te s n\u00e1mi ve spojen\u00ed na <a href=\"https:\/\/www.facebook.com\/profile.php?id=61577292757311\" data-type=\"link\" data-id=\"https:\/\/www.facebook.com\/profile.php?id=61577292757311\">Facebook<\/a> sledovat n\u00e1\u0161 pokrok a podporovat na\u0161i vizi siln\u011bj\u0161\u00edho a transparentn\u011bj\u0161\u00edho podnikatelsk\u00e9ho ekosyst\u00e9mu EU.<\/p>\n\n\n\n<h2 class=\"wp-block-heading\">S k\u00fdm sd\u00edl\u00edme va\u0161e \u00fadaje<\/h2>\n\n\n\n<p>Po odesl\u00e1n\u00ed formul\u00e1\u0159e pro ov\u011b\u0159en\u00ed DPH se v\u00e1\u0161 vstup ov\u011b\u0159\u00ed na webov\u00fdch str\u00e1nk\u00e1ch a pot\u00e9 se ode\u0161le do syst\u00e9mu VIES integratin k ov\u011b\u0159en\u00ed.<\/p>\n\n\n\n<p>\u00dadaje, kter\u00e9 zad\u00e1te do formul\u00e1\u0159e, se u n\u00e1s neukl\u00e1daj\u00ed.<\/p>","protected":false},"excerpt":{"rendered":"<p>Who we are Validon.eu is a digital platform focused on simplifying EU VAT number validation through real-time integration with the official VIES system. Our mission is to strengthen the European business environment by helping companies across the EU verify VAT numbers quickly, accurately, and securely. We plan to expand our services to include invoicing tools, [&hellip;]<\/p>\n","protected":false},"author":2,"featured_media":0,"parent":0,"menu_order":0,"comment_status":"closed","ping_status":"open","template":"","meta":{"footnotes":""},"class_list":["post-3","page","type-page","status-publish","hentry"],"aioseo_notices":[],"_links":{"self":[{"href":"https:\/\/validon.eu\/cs\/wp-json\/wp\/v2\/pages\/3","targetHints":{"allow":["GET"]}}],"collection":[{"href":"https:\/\/validon.eu\/cs\/wp-json\/wp\/v2\/pages"}],"about":[{"href":"https:\/\/validon.eu\/cs\/wp-json\/wp\/v2\/types\/page"}],"author":[{"embeddable":true,"href":"https:\/\/validon.eu\/cs\/wp-json\/wp\/v2\/users\/2"}],"replies":[{"embeddable":true,"href":"https:\/\/validon.eu\/cs\/wp-json\/wp\/v2\/comments?post=3"}],"version-history":[{"count":2,"href":"https:\/\/validon.eu\/cs\/wp-json\/wp\/v2\/pages\/3\/revisions"}],"predecessor-version":[{"id":122,"href":"https:\/\/validon.eu\/cs\/wp-json\/wp\/v2\/pages\/3\/revisions\/122"}],"wp:attachment":[{"href":"https:\/\/validon.eu\/cs\/wp-json\/wp\/v2\/media?parent=3"}],"curies":[{"name":"wp","href":"https:\/\/api.w.org\/{rel}","templated":true}]}}